{"id":40963,"date":"2020-10-29T11:31:38","date_gmt":"2025-05-30T13:56:36","guid":{"rendered":"https:\/\/wildenherbals.com\/shop\/Ikke%20kategoriseret\/mix-9-remedium-36-poser\/"},"modified":"2025-05-31T10:19:30","modified_gmt":"2025-05-31T08:19:30","slug":"mix-9-remedium-36-poser","status":"publish","type":"product","link":"https:\/\/wildenherbals.com\/da\/shop\/gaveaeske\/blanding-boks\/mix-9-remedium-36-poser\/","title":{"rendered":"Mix 9 Remedium &#8211; 36 poser"},"content":{"rendered":"<p>Remedium, fra latin \u00bbmiddel, medicin, hj\u00e6lp\u00ab.<\/p>\n<p>Wilden&#8217;s Remedia er funktionelle urteteer, der er skabt til at give dig l\u00e6kker daglig st\u00f8tte ved enhver lejlighed.<\/p>\n<p>Denne serie er resultatet af omhyggelig forskning, udv\u00e6lgelse og eksperimentering med det form\u00e5l at tilbyde infusioner, der er afbalancerede i smagen og har en synergistisk effekt.<\/p>\n<p>Wildens Remedia urtete kombineret med en sund livsstil og en velsmagende, varieret og afbalanceret kost er ideel til at tage vare p\u00e5 sig selv.<\/p>\n<p>36 poser i en bomuldspose fra Wilden.herbals, perfekt til genbrug efter indtagelse af<\/p>\n<p>nr. 4 Remedium 0 &#8211; Morgen<br \/>\nnr. 4 Remedium 1 &#8211; Night<br \/>\nn. 4 Remedium 2 &#8211; Boost<br \/>\nn. 4 Remedium 3 &#8211; Ford\u00f8jelse<br \/>\nn. 4 Remedium 4 &#8211; T\u00f8mmerm\u00e6nd<br \/>\nn. 4 Remedium 5 &#8211; Focus<br \/>\nnr. 4 Remedium 6 &#8211; Relax<br \/>\nn. 4 Remedium 7 &#8211; Detox<br \/>\nn. 4 Remedium 8 &#8211; Reborn         <\/p>\n<p>N\u00e5r du k\u00f8ber vores urtete, f\u00e5r du vores praktiske og elegante bomuldspose i gave. Den er genanvendelig og perfekt som gavepakke og er en lille gestus, der g\u00f8r dine \u00f8jeblikke af afslapning endnu mere specielle. <\/p>\n","protected":false},"excerpt":{"rendered":"<p>Remedium, fra latin \u00bbmiddel, medicin, hj\u00e6lp\u00ab. Wilden&#8217;s Remedia er funktionelle urteteer, der er skabt til at give dig l\u00e6kker daglig st\u00f8tte ved enhver lejlighed. Denne serie er resultatet af omhyggelig forskning, udv\u00e6lgelse og eksperimentering med det form\u00e5l at tilbyde infusioner, der er afbalancerede i smagen og har en synergistisk effekt. Wildens Remedia urtete kombineret med [&hellip;]<\/p>\n","protected":false},"featured_media":40965,"template":"","meta":{"_acf_changed":false,"inline_featured_image":false,"_mbp_gutenberg_autopost":false},"product_brand":[],"product_cat":[1420,1419],"product_tag":[],"partner":[],"line":[],"class_list":{"0":"post-40963","1":"product","2":"type-product","3":"status-publish","4":"has-post-thumbnail","6":"product_cat-blanding-boks","7":"product_cat-bland","9":"first","10":"outofstock","11":"taxable","12":"shipping-taxable","13":"purchasable","14":"product-type-simple"},"bundle_layout":"","bundled_by":["40964"],"bundled_items":[],"acf":[],"_links":{"self":[{"href":"https:\/\/wildenherbals.com\/da\/wp-json\/wp\/v2\/product\/40963","targetHints":{"allow":["GET"]}}],"collection":[{"href":"https:\/\/wildenherbals.com\/da\/wp-json\/wp\/v2\/product"}],"about":[{"href":"https:\/\/wildenherbals.com\/da\/wp-json\/wp\/v2\/types\/product"}],"wp:featuredmedia":[{"embeddable":true,"href":"https:\/\/wildenherbals.com\/da\/wp-json\/wp\/v2\/media\/40965"}],"wp:attachment":[{"href":"https:\/\/wildenherbals.com\/da\/wp-json\/wp\/v2\/media?parent=40963"}],"wp:term":[{"taxonomy":"product_brand","embeddable":true,"href":"https:\/\/wildenherbals.com\/da\/wp-json\/wp\/v2\/product_brand?post=40963"},{"taxonomy":"product_cat","embeddable":true,"href":"https:\/\/wildenherbals.com\/da\/wp-json\/wp\/v2\/product_cat?post=40963"},{"taxonomy":"product_tag","embeddable":true,"href":"https:\/\/wildenherbals.com\/da\/wp-json\/wp\/v2\/product_tag?post=40963"},{"taxonomy":"partner","embeddable":true,"href":"https:\/\/wildenherbals.com\/da\/wp-json\/wp\/v2\/partner?post=40963"},{"taxonomy":"line","embeddable":true,"href":"https:\/\/wildenherbals.com\/da\/wp-json\/wp\/v2\/line?post=40963"}],"curies":[{"name":"wp","href":"https:\/\/api.w.org\/{rel}","templated":true}]}}