{"id":40961,"date":"2020-10-30T18:23:12","date_gmt":"2020-10-30T17:23:12","guid":{"rendered":"https:\/\/wildenherbals.com\/shop\/Ikke%20kategoriseret\/honningeddike-af-gran-375-ml\/"},"modified":"2025-09-29T09:37:44","modified_gmt":"2025-09-29T07:37:44","slug":"honningeddike-af-gran-375-ml","status":"publish","type":"product","link":"https:\/\/wildenherbals.com\/da\/shop\/uddeling\/mere-om-det\/honningeddike-af-gran-375-ml\/","title":{"rendered":"Honningeddike af gran (375 ml)"},"content":{"rendered":"<p>Spruce Honey Vinegar er lavet af den m\u00f8rke honning fra planten af samme navn. Smagen er fyldig, maltet med tydelige hints af honningdug. Dens syreindhold p\u00e5 6,20 % afbalanceres af 140 g\/lt restsukker. S\u00f8dmen er knap m\u00e6rkbar og tilstr\u00e6kkelig til at give rundhed til produktet, som forbliver en sur eddike.   <\/p>\n<p>Honningeddike opn\u00e5s ved langsom oxidering af mj\u00f8d, der uds\u00e6ttes for luft i egefade med tredje passage. I denne primitive proces omdannes den alkoholiske fraktion til eddikesyre, og de organoleptiske komponenter stammer fra den anvendte honning. Alpint kildevand og honning er de eneste ingredienser, der er lige s\u00e5 vigtige som honning.   <\/p>\n<p>Emballage: 375 ml<\/p>\n","protected":false},"excerpt":{"rendered":"<p>Granhonningeddike er lavet af den m\u00f8rke honning fra grantr\u00e6et af samme navn. Smagen er fyldig, maltet med tydelige antydninger af honningdug. Dens syreindhold p\u00e5 6,20 % afbalanceres af 140 g\/lt restsukker. Den knap m\u00e6rkbare s\u00f8dme er tilstr\u00e6kkelig til at give rundhed til produktet, som stadig er en sur eddike.   <\/p>\n","protected":false},"featured_media":40962,"template":"","meta":{"_acf_changed":false,"inline_featured_image":false,"_mbp_gutenberg_autopost":false},"product_brand":[],"product_cat":[1407,1405],"product_tag":[],"partner":[1404],"line":[],"class_list":{"0":"post-40961","1":"product","2":"type-product","3":"status-publish","4":"has-post-thumbnail","6":"product_cat-mere-om-det","7":"product_cat-uddeling","8":"partner-thun-honeys","10":"first","11":"outofstock","12":"taxable","13":"shipping-taxable","14":"purchasable","15":"product-type-simple"},"bundle_layout":"","bundled_by":[],"bundled_items":[],"acf":[],"_links":{"self":[{"href":"https:\/\/wildenherbals.com\/da\/wp-json\/wp\/v2\/product\/40961","targetHints":{"allow":["GET"]}}],"collection":[{"href":"https:\/\/wildenherbals.com\/da\/wp-json\/wp\/v2\/product"}],"about":[{"href":"https:\/\/wildenherbals.com\/da\/wp-json\/wp\/v2\/types\/product"}],"wp:featuredmedia":[{"embeddable":true,"href":"https:\/\/wildenherbals.com\/da\/wp-json\/wp\/v2\/media\/40962"}],"wp:attachment":[{"href":"https:\/\/wildenherbals.com\/da\/wp-json\/wp\/v2\/media?parent=40961"}],"wp:term":[{"taxonomy":"product_brand","embeddable":true,"href":"https:\/\/wildenherbals.com\/da\/wp-json\/wp\/v2\/product_brand?post=40961"},{"taxonomy":"product_cat","embeddable":true,"href":"https:\/\/wildenherbals.com\/da\/wp-json\/wp\/v2\/product_cat?post=40961"},{"taxonomy":"product_tag","embeddable":true,"href":"https:\/\/wildenherbals.com\/da\/wp-json\/wp\/v2\/product_tag?post=40961"},{"taxonomy":"partner","embeddable":true,"href":"https:\/\/wildenherbals.com\/da\/wp-json\/wp\/v2\/partner?post=40961"},{"taxonomy":"line","embeddable":true,"href":"https:\/\/wildenherbals.com\/da\/wp-json\/wp\/v2\/line?post=40961"}],"curies":[{"name":"wp","href":"https:\/\/api.w.org\/{rel}","templated":true}]}}