{"id":40956,"date":"2021-03-19T10:45:23","date_gmt":"2025-05-30T13:56:24","guid":{"rendered":"https:\/\/wildenherbals.com\/shop\/Ikke%20kategoriseret\/smagen-af-trae\/"},"modified":"2025-05-31T10:01:24","modified_gmt":"2025-05-31T08:01:24","slug":"smagen-af-trae","status":"publish","type":"product","link":"https:\/\/wildenherbals.com\/da\/shop\/uddeling\/smagen-af-trae\/","title":{"rendered":"Smagen af tr\u00e6"},"content":{"rendered":"<p>Denne tekst er en lille guide til elskere af naturlige, \u00e6gte og ekstreme smagsoplevelser. Den er skrevet af Artur Cisar-Erlach, \u00f8kolog, m\u00f8belsnedker og ekspert i f\u00f8devarekommunikation. Artur er et stadigt voksende univers, som besluttede at starte med tr\u00e6 for at fort\u00e6lle om sin id\u00e9 om mad. \u00bbThe flavour of Wood\u00ab er en tekst, der guider l\u00e6seren til at opdage de vilde smage af tr\u00e6, der er skjult i alle f\u00f8devarer, og som starter med et vigtigt element i enhver kulturrevolution: uddannelse.   <\/p>\n","protected":false},"excerpt":{"rendered":"<p>Genopdag smagen af tr\u00e6 og l\u00e6r at v\u00e6rds\u00e6tte og genkende den i de f\u00f8devarer, vi normalt spiser. En guide af Artur Cisar-Erlach. <\/p>\n","protected":false},"featured_media":40958,"template":"","meta":{"_acf_changed":false,"inline_featured_image":false,"_mbp_gutenberg_autopost":false},"product_brand":[],"product_cat":[1405,1407],"product_tag":[],"partner":[1418],"line":[],"class_list":{"0":"post-40956","1":"product","2":"type-product","3":"status-publish","4":"has-post-thumbnail","6":"product_cat-uddeling","7":"product_cat-mere-om-det","8":"partner-artur-cisar-erlach-da","10":"first","11":"instock","12":"taxable","13":"shipping-taxable","14":"purchasable","15":"product-type-simple"},"bundle_layout":"","bundled_by":[],"bundled_items":[],"acf":[],"_links":{"self":[{"href":"https:\/\/wildenherbals.com\/da\/wp-json\/wp\/v2\/product\/40956","targetHints":{"allow":["GET"]}}],"collection":[{"href":"https:\/\/wildenherbals.com\/da\/wp-json\/wp\/v2\/product"}],"about":[{"href":"https:\/\/wildenherbals.com\/da\/wp-json\/wp\/v2\/types\/product"}],"wp:featuredmedia":[{"embeddable":true,"href":"https:\/\/wildenherbals.com\/da\/wp-json\/wp\/v2\/media\/40958"}],"wp:attachment":[{"href":"https:\/\/wildenherbals.com\/da\/wp-json\/wp\/v2\/media?parent=40956"}],"wp:term":[{"taxonomy":"product_brand","embeddable":true,"href":"https:\/\/wildenherbals.com\/da\/wp-json\/wp\/v2\/product_brand?post=40956"},{"taxonomy":"product_cat","embeddable":true,"href":"https:\/\/wildenherbals.com\/da\/wp-json\/wp\/v2\/product_cat?post=40956"},{"taxonomy":"product_tag","embeddable":true,"href":"https:\/\/wildenherbals.com\/da\/wp-json\/wp\/v2\/product_tag?post=40956"},{"taxonomy":"partner","embeddable":true,"href":"https:\/\/wildenherbals.com\/da\/wp-json\/wp\/v2\/partner?post=40956"},{"taxonomy":"line","embeddable":true,"href":"https:\/\/wildenherbals.com\/da\/wp-json\/wp\/v2\/line?post=40956"}],"curies":[{"name":"wp","href":"https:\/\/api.w.org\/{rel}","templated":true}]}}