{"id":40955,"date":"2021-04-06T15:23:11","date_gmt":"2021-04-06T13:23:11","guid":{"rendered":"https:\/\/wildenherbals.com\/shop\/Ikke%20kategoriseret\/kinto-day-off-tumbler-500-ml-groen\/"},"modified":"2025-10-14T12:06:42","modified_gmt":"2025-10-14T10:06:42","slug":"kinto-day-off-tumbler-500-ml-groen","status":"publish","type":"product","link":"https:\/\/wildenherbals.com\/da\/shop\/tilbehor\/kinto-day-off-tumbler-500-ml-groen\/","title":{"rendered":"Kinto Day Off Tumbler 500 ml (gr\u00f8n)"},"content":{"rendered":"<p>Day Off-flasken er designet til de afslappende, men aktive fridage.<\/p>\n<p>Vakuumisoleringen g\u00f8r, at temperaturen og smagen af drikken bevares i lang tid. Det afrundede h\u00e5ndtag g\u00f8r det muligt at tage den med p\u00e5 g\u00e5ture og udflugter. <\/p>\n<p>H\u00e6tten er glat og behagelig at have i munden og er designet til at forhindre, at is og varme drikke pludselig l\u00f8ber ud, s\u00e5 man kan nyde dem helt ned til sidste dr\u00e5be.<\/p>\n<p>De lyse farver minder om et afslappende strandresort og passer til ethvert hum\u00f8r.<\/p>\n","protected":false},"excerpt":{"rendered":"<p>Day Off Bottle er designet til en afslappende, men aktiv fridag. Den er vakuumisoleret og holder p\u00e5 temperaturen og smagen af drikkevarerne i lang tid. Med et afrundet h\u00e5ndtag, der er behageligt at holde om, er den perfekt til at b\u00e6re rundt p\u00e5 g\u00e5ture eller dagsture. H\u00e6tten f\u00f8les glat mod munden og er strukturelt designet til at forhindre isterninger og varme drikke i at komme kraftigt ud, s\u00e5 du kan drikke komfortabelt til den allersidste slurk. De lyse farver er inspireret af et afslappet strandresort og passer godt til din fritidsmode.    <\/p>\n","protected":false},"featured_media":40957,"template":"","meta":{"_acf_changed":false,"inline_featured_image":false,"_mbp_gutenberg_autopost":false},"product_brand":[],"product_cat":[1416,1417],"product_tag":[],"partner":[],"line":[],"class_list":{"0":"post-40955","1":"product","2":"type-product","3":"status-publish","4":"has-post-thumbnail","6":"product_cat-tilbehor","7":"product_cat-flasker-kopper-og-tekander","9":"first","10":"instock","11":"taxable","12":"shipping-taxable","13":"purchasable","14":"product-type-simple"},"bundle_layout":"","bundled_by":[],"bundled_items":[],"acf":[],"_links":{"self":[{"href":"https:\/\/wildenherbals.com\/da\/wp-json\/wp\/v2\/product\/40955","targetHints":{"allow":["GET"]}}],"collection":[{"href":"https:\/\/wildenherbals.com\/da\/wp-json\/wp\/v2\/product"}],"about":[{"href":"https:\/\/wildenherbals.com\/da\/wp-json\/wp\/v2\/types\/product"}],"wp:featuredmedia":[{"embeddable":true,"href":"https:\/\/wildenherbals.com\/da\/wp-json\/wp\/v2\/media\/40957"}],"wp:attachment":[{"href":"https:\/\/wildenherbals.com\/da\/wp-json\/wp\/v2\/media?parent=40955"}],"wp:term":[{"taxonomy":"product_brand","embeddable":true,"href":"https:\/\/wildenherbals.com\/da\/wp-json\/wp\/v2\/product_brand?post=40955"},{"taxonomy":"product_cat","embeddable":true,"href":"https:\/\/wildenherbals.com\/da\/wp-json\/wp\/v2\/product_cat?post=40955"},{"taxonomy":"product_tag","embeddable":true,"href":"https:\/\/wildenherbals.com\/da\/wp-json\/wp\/v2\/product_tag?post=40955"},{"taxonomy":"partner","embeddable":true,"href":"https:\/\/wildenherbals.com\/da\/wp-json\/wp\/v2\/partner?post=40955"},{"taxonomy":"line","embeddable":true,"href":"https:\/\/wildenherbals.com\/da\/wp-json\/wp\/v2\/line?post=40955"}],"curies":[{"name":"wp","href":"https:\/\/api.w.org\/{rel}","templated":true}]}}