{"id":40948,"date":"2021-07-20T15:00:51","date_gmt":"2025-05-30T13:56:00","guid":{"rendered":"https:\/\/wildenherbals.com\/shop\/Ikke%20kategoriseret\/frecc-no-2-boost-botanisk-kombucha\/"},"modified":"2025-05-31T10:14:48","modified_gmt":"2025-05-31T08:14:48","slug":"frecc-no-2-boost-botanisk-kombucha","status":"publish","type":"product","link":"https:\/\/wildenherbals.com\/da\/shop\/drikkevarer\/frecc-no-2-boost-botanisk-kombucha\/","title":{"rendered":"Fr\u00e8cc No. 2 Boost &#8211; Botanisk Kombucha"},"content":{"rendered":"<p class=\"p1\"><span class=\"s1\">Fr\u00e8cc er en frisk, mousserende og fyldig smag, som er resultatet af et samarbejde mellem Wilden.herbals og Latta. Kombucha, som findes i denne drik, m\u00f8der urterne i den \u00f8kologiske urtete Remedium No.2 &#8211; Boost: Resultatet er en fermenteret urtedrik, som er fremragende til en alkoholfri aperitif uden at g\u00e5 p\u00e5 kompromis med smagen.   <\/span><\/p>\n<p>I Kombucha<br \/>\nFermentering igangsat af de gavnlige bakteriekulturer i kombucha m\u00f8der infusioner af \u00f8kologiske l\u00e6geplanter i vores opskrifter. Den resulterende velafbalancerede drik, med en dejlig boble og syrlighed, kommer i en 25 cl d\u00e5se og er en forfriskende drik, der er perfekt til sommeren og hele \u00e5ret rundt, n\u00e6rende og rig p\u00e5 probiotika. <\/p>\n","protected":false},"excerpt":{"rendered":"<p>Fr\u00e8cc er en frisk, mousserende og fyldig smag, som er resultatet af et samarbejde mellem Wilden.herbals og Latta. Kombucha, som findes i denne drik, m\u00f8der urterne i den \u00f8kologiske urtete Remedium No.2 &#8211; Boost: Resultatet er en fermenteret urtedrik, som er fremragende til en alkoholfri aperitif uden at g\u00e5 p\u00e5 kompromis med smagen. I Kombucha [&hellip;]<\/p>\n","protected":false},"featured_media":40949,"template":"","meta":{"_acf_changed":false,"inline_featured_image":false,"_mbp_gutenberg_autopost":false},"product_brand":[],"product_cat":[1410,1411],"product_tag":[],"partner":[1398],"line":[],"class_list":{"0":"post-40948","1":"product","2":"type-product","3":"status-publish","4":"has-post-thumbnail","6":"product_cat-drikkevarer","7":"product_cat-frecc-da","8":"partner-daser-fermenter-og-blandinger","10":"first","11":"instock","12":"taxable","13":"shipping-taxable","14":"purchasable","15":"product-type-simple"},"bundle_layout":"","bundled_by":[],"bundled_items":[],"acf":[],"_links":{"self":[{"href":"https:\/\/wildenherbals.com\/da\/wp-json\/wp\/v2\/product\/40948","targetHints":{"allow":["GET"]}}],"collection":[{"href":"https:\/\/wildenherbals.com\/da\/wp-json\/wp\/v2\/product"}],"about":[{"href":"https:\/\/wildenherbals.com\/da\/wp-json\/wp\/v2\/types\/product"}],"wp:featuredmedia":[{"embeddable":true,"href":"https:\/\/wildenherbals.com\/da\/wp-json\/wp\/v2\/media\/40949"}],"wp:attachment":[{"href":"https:\/\/wildenherbals.com\/da\/wp-json\/wp\/v2\/media?parent=40948"}],"wp:term":[{"taxonomy":"product_brand","embeddable":true,"href":"https:\/\/wildenherbals.com\/da\/wp-json\/wp\/v2\/product_brand?post=40948"},{"taxonomy":"product_cat","embeddable":true,"href":"https:\/\/wildenherbals.com\/da\/wp-json\/wp\/v2\/product_cat?post=40948"},{"taxonomy":"product_tag","embeddable":true,"href":"https:\/\/wildenherbals.com\/da\/wp-json\/wp\/v2\/product_tag?post=40948"},{"taxonomy":"partner","embeddable":true,"href":"https:\/\/wildenherbals.com\/da\/wp-json\/wp\/v2\/partner?post=40948"},{"taxonomy":"line","embeddable":true,"href":"https:\/\/wildenherbals.com\/da\/wp-json\/wp\/v2\/line?post=40948"}],"curies":[{"name":"wp","href":"https:\/\/api.w.org\/{rel}","templated":true}]}}