{"id":40941,"date":"2021-10-15T12:08:35","date_gmt":"2021-10-15T10:08:35","guid":{"rendered":"https:\/\/wildenherbals.com\/shop\/Ikke%20kategoriseret\/lyng-honning-250-g\/"},"modified":"2025-09-29T09:40:42","modified_gmt":"2025-09-29T07:40:42","slug":"lyng-honning-250-g","status":"publish","type":"product","link":"https:\/\/wildenherbals.com\/da\/shop\/uddeling\/honning-og-syltetoj\/lyng-honning-250-g\/","title":{"rendered":"Lyng-honning (250 g)"},"content":{"rendered":"<p><span style=\"font-weight: 400;\">En honning med en aroma af toffee og karamel, kaffepulver, kamille, gurkemeje, safran og abrikosmarmelade. I smagen er den gener\u00f8s, kompleks og perfekt afbalanceret mellem aromaer af karamel, tamarind og en lidt mere bitter finish. <\/span><\/p>\n<p><span style=\"text-decoration: underline;\"><span style=\"font-weight: 400;\">S\u00e5dan bruger du den<\/span><\/span><\/p>\n<p><span style=\"font-weight: 400;\">Den passer godt til kanel og muskatn\u00f8d, men ogs\u00e5 til anis og chilipeber. Vi anbefaler den til sennep og us\u00e6dvanlige marmelader; serveret som den er, passer den perfekt til guanciale og cotechino. <\/span><\/p>\n<p><span style=\"font-weight: 400;\">Den kan bruges som base for alkoholisk g\u00e6ring: i underg\u00e6ret \u00f8l, mj\u00f8d og i infusioner af bitre urter til spiritus. Pr\u00f8v den med sauterede ris eller med kylling i karry, i p\u00e5l\u00e6gsdejen p\u00e5 f.eks. cotechino. <\/span><\/p>\n<p>&nbsp;<\/p>\n","protected":false},"excerpt":{"rendered":"<p><span style=\"font-weight: 400;\">S\u00e5dan bruger du den<\/span><\/p>\n<p><span style=\"font-weight: 400;\">Den passer godt sammen med kanel og muskatn\u00f8d, men ogs\u00e5 med anis og chili. Vi anbefaler den til sennep og us\u00e6dvanlige marmelader; serveret alene passer den perfekt til bacon og cotechino. <\/span><\/p>\n<p>&nbsp;<\/p>\n<p><span style=\"font-weight: 400;\">Den kan bruges til alkoholisk g\u00e6ring: i \u00f8l med lav g\u00e6ring, mj\u00f8d og i infusioner af bitre urter til spiritus. Pr\u00f8v den med sauterede ris, med kylling i karry eller i en blanding til k\u00f8dp\u00e5l\u00e6g som f.eks. cotechino. <\/span><\/p>\n","protected":false},"featured_media":40943,"template":"","meta":{"_acf_changed":false,"inline_featured_image":false,"_mbp_gutenberg_autopost":false},"product_brand":[],"product_cat":[1408,1405],"product_tag":[],"partner":[1404],"line":[],"class_list":{"0":"post-40941","1":"product","2":"type-product","3":"status-publish","4":"has-post-thumbnail","6":"product_cat-honning-og-syltetoj","7":"product_cat-uddeling","8":"partner-thun-honeys","10":"first","11":"instock","12":"taxable","13":"shipping-taxable","14":"purchasable","15":"product-type-simple"},"bundle_layout":"","bundled_by":[],"bundled_items":[],"acf":[],"_links":{"self":[{"href":"https:\/\/wildenherbals.com\/da\/wp-json\/wp\/v2\/product\/40941","targetHints":{"allow":["GET"]}}],"collection":[{"href":"https:\/\/wildenherbals.com\/da\/wp-json\/wp\/v2\/product"}],"about":[{"href":"https:\/\/wildenherbals.com\/da\/wp-json\/wp\/v2\/types\/product"}],"wp:featuredmedia":[{"embeddable":true,"href":"https:\/\/wildenherbals.com\/da\/wp-json\/wp\/v2\/media\/40943"}],"wp:attachment":[{"href":"https:\/\/wildenherbals.com\/da\/wp-json\/wp\/v2\/media?parent=40941"}],"wp:term":[{"taxonomy":"product_brand","embeddable":true,"href":"https:\/\/wildenherbals.com\/da\/wp-json\/wp\/v2\/product_brand?post=40941"},{"taxonomy":"product_cat","embeddable":true,"href":"https:\/\/wildenherbals.com\/da\/wp-json\/wp\/v2\/product_cat?post=40941"},{"taxonomy":"product_tag","embeddable":true,"href":"https:\/\/wildenherbals.com\/da\/wp-json\/wp\/v2\/product_tag?post=40941"},{"taxonomy":"partner","embeddable":true,"href":"https:\/\/wildenherbals.com\/da\/wp-json\/wp\/v2\/partner?post=40941"},{"taxonomy":"line","embeddable":true,"href":"https:\/\/wildenherbals.com\/da\/wp-json\/wp\/v2\/line?post=40941"}],"curies":[{"name":"wp","href":"https:\/\/api.w.org\/{rel}","templated":true}]}}