{"id":40940,"date":"2021-10-15T11:53:02","date_gmt":"2021-10-15T09:53:02","guid":{"rendered":"https:\/\/wildenherbals.com\/shop\/Ikke%20kategoriseret\/citrus-honning-eddike-375-ml\/"},"modified":"2025-09-29T09:37:59","modified_gmt":"2025-09-29T07:37:59","slug":"citrus-honning-eddike-375-ml","status":"publish","type":"product","link":"https:\/\/wildenherbals.com\/da\/shop\/uddeling\/citrus-honning-eddike-375-ml\/","title":{"rendered":"Citrus-honning-eddike (375 ml)"},"content":{"rendered":"<p><span style=\"font-weight: 400;\">En citruseddike med en blid, elegant, blomsteragtig, syrlig og samtidig s\u00f8d duft, der vidner om alsidigheden i honning, et ubestridt ikon i den surs\u00f8de verden. Den er meget nyttig i madlavningen, n\u00e5r der er brug for en umiddelbar, men aromatisk diskret note. <\/span><\/p>\n<p><span style=\"text-decoration: underline;\"><span style=\"font-weight: 400;\">S\u00e5dan bruger du den<\/span><\/span><\/p>\n<p><span style=\"font-weight: 400;\">Bare et par dr\u00e5ber er nok til at forbedre en fiskesuppe eller pynte en bl\u00e6ksprutte; fremragende i bouillon med svampe eller tang, der har brug for en frisk, let note.<\/span><\/p>\n<p><span style=\"font-weight: 400;\">I madlavningen bruges den ofte i marinader og er ekstraordin\u00e6r i tilberedningen af mayonnaise, pinzimonio og med k\u00f8d fra femte fjerdedel. Den er perfekt til kogte gr\u00f8ntsager og kan give en s\u00f8d og syrlig balance til caponata. <\/span><\/p>\n<p>Emballage: 375 ml<\/p>\n","protected":false},"excerpt":{"rendered":"<p><span style=\"font-weight: 400;\">S\u00e5dan bruger du den<\/span><\/p>\n<p><span style=\"font-weight: 400;\">Et par dr\u00e5ber er nok til at forbedre en fiskesuppe eller berige en bl\u00e6ksprutte; fremragende i bouillon med svampe eller alger, der har brug for en frisk og let note.<\/span><\/p>\n<p><span style=\"font-weight: 400;\">I k\u00f8kkenet bruges den ofte i marinader og er ekstraordin\u00e6r i tilberedningen af mayonnaise, pinzimonio (gr\u00f8ntsagscrudit\u00e9s) og med <\/span><i><span style=\"font-weight: 400;\">quinto quarto <\/span><\/i><span style=\"font-weight: 400;\">eller indmad<\/span> <span style=\"font-weight: 400;\">k\u00f8d. Perfekt med kogte gr\u00f8ntsager eller til at give caponataen en s\u00f8d og syrlig balance. <\/span><\/p>\n","protected":false},"featured_media":40942,"template":"","meta":{"_acf_changed":false,"inline_featured_image":false,"_mbp_gutenberg_autopost":false},"product_brand":[],"product_cat":[1405,1407],"product_tag":[],"partner":[1404],"line":[],"class_list":{"0":"post-40940","1":"product","2":"type-product","3":"status-publish","4":"has-post-thumbnail","6":"product_cat-uddeling","7":"product_cat-mere-om-det","8":"partner-thun-honeys","10":"first","11":"outofstock","12":"taxable","13":"shipping-taxable","14":"purchasable","15":"product-type-simple"},"bundle_layout":"","bundled_by":[],"bundled_items":[],"acf":[],"_links":{"self":[{"href":"https:\/\/wildenherbals.com\/da\/wp-json\/wp\/v2\/product\/40940","targetHints":{"allow":["GET"]}}],"collection":[{"href":"https:\/\/wildenherbals.com\/da\/wp-json\/wp\/v2\/product"}],"about":[{"href":"https:\/\/wildenherbals.com\/da\/wp-json\/wp\/v2\/types\/product"}],"wp:featuredmedia":[{"embeddable":true,"href":"https:\/\/wildenherbals.com\/da\/wp-json\/wp\/v2\/media\/40942"}],"wp:attachment":[{"href":"https:\/\/wildenherbals.com\/da\/wp-json\/wp\/v2\/media?parent=40940"}],"wp:term":[{"taxonomy":"product_brand","embeddable":true,"href":"https:\/\/wildenherbals.com\/da\/wp-json\/wp\/v2\/product_brand?post=40940"},{"taxonomy":"product_cat","embeddable":true,"href":"https:\/\/wildenherbals.com\/da\/wp-json\/wp\/v2\/product_cat?post=40940"},{"taxonomy":"product_tag","embeddable":true,"href":"https:\/\/wildenherbals.com\/da\/wp-json\/wp\/v2\/product_tag?post=40940"},{"taxonomy":"partner","embeddable":true,"href":"https:\/\/wildenherbals.com\/da\/wp-json\/wp\/v2\/partner?post=40940"},{"taxonomy":"line","embeddable":true,"href":"https:\/\/wildenherbals.com\/da\/wp-json\/wp\/v2\/line?post=40940"}],"curies":[{"name":"wp","href":"https:\/\/api.w.org\/{rel}","templated":true}]}}