{"id":40387,"date":"2025-05-30T15:49:11","date_gmt":"2025-05-30T13:49:11","guid":{"rendered":"https:\/\/wildenherbals.com\/politik-for-beskyttelse-af-personlige-oplysninger\/"},"modified":"2025-05-30T15:49:13","modified_gmt":"2025-05-30T13:49:13","slug":"politik-for-beskyttelse-af-personlige-oplysninger","status":"publish","type":"page","link":"https:\/\/wildenherbals.com\/da\/politik-for-beskyttelse-af-personlige-oplysninger\/","title":{"rendered":"Politik for beskyttelse af personlige oplysninger"},"content":{"rendered":"\n<p>Form\u00e5let med dette dokument (i det f\u00f8lgende ben\u00e6vnt<strong>\u00bbprivatlivspolitik<\/strong>\u00ab) er at informere brugerne om personoplysninger, forst\u00e5et som alle oplysninger, der g\u00f8r det muligt at identificere en fysisk person (i det f\u00f8lgende ben\u00e6vnt \u00bb<strong>personoplysninger<\/strong>\u00ab), indsamlet af webstedet www.wildenherbals.com (i det f\u00f8lgende ben\u00e6vnt <strong>\u00bbapplikationen<\/strong>\u00ab).<\/p>\n\n<p>Den dataansvarlige, som identificeret nedenfor, kan \u00e6ndre eller blot opdatere hele eller dele af denne politik ved at informere brugerne. \u00c6ndringer og opdateringer vil v\u00e6re bindende, s\u00e5 snart de er offentliggjort p\u00e5 applikationen. Brugeren opfordres derfor til at l\u00e6se privatlivspolitikken, hver gang applikationen \u00e5bnes.  <\/p>\n\n<p>Hvis du ikke accepterer \u00e6ndringerne i privatlivspolitikken, skal du oph\u00f8re med at bruge denne applikation og kan anmode den dataansvarlige om at fjerne dine personoplysninger.<\/p>\n\n<ol class=\"wp-block-list\"><li>Personlige data indsamlet af applikationenEjeren indsamler f\u00f8lgende typer personlige data:<ol type=\"A\"><li><strong>Indhold og oplysninger, der leveres frivilligt af<\/strong>brugerenBrugerens manglende levering af personoplysninger, for hvilke der er en juridisk eller kontraktlig forpligtelse, eller hvis de udg\u00f8r et n\u00f8dvendigt krav til brug af tjenesten eller til indg\u00e5else af kontrakten, vil resultere i, at den dataansvarlige ikke kan levere alle eller en del af sine tjenester.Brugeren, der kommunikerer til den dataansvarlige personoplysninger fra tredjeparter, er direkte og udelukkende ansvarlig for deres oprindelse, indsamling, behandling, kommunikation eller formidling.<ul><li><strong>Kontaktdata og indhold:<\/strong> Dette er de personlige data, som brugeren frivilligt giver til applikationen under dens brug, s\u00e5som personlige data, kontaktoplysninger, adgangsoplysninger til de leverede tjenester og\/eller produkter, personlige interesser og pr\u00e6ferencer og andet personligt indhold osv.<\/li><li><strong>F\u00f8lsomme oplysninger:<\/strong> Personoplysninger, der afsl\u00f8rer race eller etnisk oprindelse, politiske meninger, religi\u00f8s eller filosofisk overbevisning, fagforeningsmedlemskab samt genetiske data, biometriske data, der har til form\u00e5l entydigt at identificere en fysisk person, data vedr\u00f8rende en persons helbred eller seksuelle liv eller seksuelle orientering.<\/li><li><strong>Personlige data indsamlet af sociale medier:<\/strong> Brugere kan dele data, der leveres til sociale medier, med applikationen. Brugeren kan kontrollere de persondata, som applikationen kan f\u00e5 adgang til, gennem de privatlivsindstillinger, der er tilg\u00e6ngelige p\u00e5 det p\u00e5g\u00e6ldende sociale medie. Ved at knytte sociale mediekonti til applikationen og give den dataansvarlige tilladelse til at f\u00e5 adgang til s\u00e5danne personoplysninger, giver brugeren samtykke til indsamling, behandling og opbevaring af s\u00e5danne personoplysninger i overensstemmelse med denne privatlivspolitik.  <\/li><\/ul><\/li><li><strong>Data og indhold, der erhverves automatisk, n\u00e5r du bruger applikationen:<\/strong><ul><li><strong>Tekniske data:<\/strong> De computersystemer og softwareprocedurer, der bruges til at drive denne applikation, kan under deres normale drift erhverve nogle personlige data, hvis transmission er implicit i brugen af internetkommunikationsprotokoller. Disse oplysninger indsamles ikke for at blive forbundet med identificerede brugere, men kan i kraft af deres natur gennem behandling og tilknytning til data, der opbevares af tredjeparter, g\u00f8re det muligt at identificere brugere. Denne kategori omfatter IP-adresser eller dom\u00e6nenavne, der anvendes af brugere, der opretter forbindelse til applikationen, URI (Uniform Resource Identifier)-notationsadresser for de \u00f8nskede ressourcer, tidspunktet for anmodningen, den metode, der anvendes til at sende anmodningen til serveren, st\u00f8rrelsen p\u00e5 den opn\u00e5ede fil osv.  <\/li><li><strong>Brugsdata:<\/strong> Personlige data vedr\u00f8rende brugerens brug af applikationen kan ogs\u00e5 indsamles, f.eks. de bes\u00f8gte sider, de udf\u00f8rte handlinger, de anvendte funktioner og tjenester.<\/li><li><strong>Geolokaliseringsdata:<\/strong> Applikationen kan indsamle personoplysninger om brugerens placering, som kan v\u00e6re GNSS-data (Global Navigation Satellite System), f.eks. GPS-data, samt data, der identificerer den n\u00e6rmeste repeater, Wi-Fi- og Bluetooth-hotspots, der kommunikeres ved aktivering af placeringsbaserede produkter eller funktioner.<\/li><\/ul><\/li><li><strong>Personlige data indsamlet via cookies eller lignende teknologier:<\/strong>Applikationen bruger cookies, web beacons, unikke identifikatorer og andre lignende teknologier til at indsamle personlige data om de sider, links, der bes\u00f8ges, og andre handlinger, der udf\u00f8res, n\u00e5r du bruger vores tjenester. De gemmes og videresendes n\u00e6ste gang, den samme bruger bes\u00f8ger os. Brugeren kan se den fulde cookiepolitik p\u00e5 f\u00f8lgende adresse: https:\/\/wildenherbals.com\/cookie-policy. <\/li><\/ol><\/li><li>Form\u00e5lDe indsamlede personoplysninger kan bruges til opfyldelse af kontraktlige og pr\u00e6kontraktlige forpligtelser og til juridiske forpligtelser samt til f\u00f8lgende form\u00e5l:<ul><li><strong>Brugerregistrering og -godkendelse:<\/strong> for at g\u00f8re det muligt for brugeren at registrere sig p\u00e5 applikationen for at f\u00e5 adgang til og blive identificeret.<\/li><li><strong>Ekstern behandling af betalinger med kreditkort, bankoverf\u00f8rsel eller andre midler:<\/strong> at behandle brugernes betalinger via eksterne platforme, der indsamler betalingsdata, uden at applikationsejeren har adgang. Personlige data kommunikeres til https:\/\/stripe.com\/it\/privacy<\/li><li><strong>Afsendelse af e-mails eller nyhedsbreve og administration af mailinglister:<\/strong> at kontakte brugeren med e-mails, der indeholder kommercielle og salgsfremmende oplysninger vedr\u00f8rende applikationen. Personlige data kommunikeres til https:\/\/mailchimp.com\/legal\/privacy\/.<\/li><li><strong>Opbevaring, hosting og administration af backend-infrastruktur:<\/strong> for at administrere den tekniske infrastruktur til opbevaring af brugernes data. Personlige data videregives til https:\/\/www.ovh.it\/protezione-dati-personali\/<\/li><li><strong>Statistik kun med anonyme data:<\/strong> for at udf\u00f8re statistiske analyser baseret p\u00e5 aggregerede data eller data, der ikke g\u00f8r det muligt at identificere brugeren. Personlige data videregives til https:\/\/policies.google.com\/privacy.<\/li><\/ul><\/li><li>BehandlingsmetoderBehandlingen af personoplysninger udf\u00f8res ved hj\u00e6lp af computer- og\/eller telematikv\u00e6rkt\u00f8jer med organisatoriske metoder og logikker, der er strengt relateret til de angivne form\u00e5l. I nogle tilf\u00e6lde kan personer, der er involveret i den dataansvarliges organisation (som f.eks. personaleadministration, salgspersonale, systemadministratorer osv.) eller eksterne personer (som f.eks. it-virksomheder, tjenesteudbydere, postkurerer, hostingudbydere osv.) ogs\u00e5 have adgang til personoplysninger. Disse personer kan udpeges som databehandlere af den dataansvarlige og kan ogs\u00e5 have adgang til brugernes personoplysninger, n\u00e5r det er n\u00f8dvendigt, og vil v\u00e6re kontraktligt forpligtet til at holde personoplysningerne fortrolige. Den opdaterede liste over databehandlere kan rekvireres via e-mail p\u00e5 info@wildenherbals.com. <\/li><li>Juridisk grundlag for behandlingBehandlingen af brugerens personoplysninger er baseret p\u00e5 f\u00f8lgende juridiske grundlag:Du kan altid bede den dataansvarlige om at pr\u00e6cisere det juridiske grundlag for hver behandling p\u00e5 info@wildenherbals.com.<ul><li>det samtykke, som brugeren har givet til et eller flere specifikke form\u00e5l;<\/li><li>behandlingen er n\u00f8dvendig for opfyldelsen af en kontrakt med brugeren og\/eller udf\u00f8relsen af foranstaltninger forud for kontraktindg\u00e5else<\/li><li>behandlingen er n\u00f8dvendig for at overholde en juridisk forpligtelse, som den dataansvarlige er underlagt<\/li><li>behandlingen er n\u00f8dvendig af hensyn til udf\u00f8relsen af en opgave i samfundets interesse eller som henh\u00f8rer under offentlig myndighedsud\u00f8velse, som den dataansvarlige har f\u00e5et p\u00e5lagt<\/li><li>behandlingen er n\u00f8dvendig for at forf\u00f8lge den dataansvarliges eller tredjeparters legitime interesser<\/li><li>behandlingen er n\u00f8dvendig for forf\u00f8lgelsen af den dataansvarliges eller en tredjeparts vitale interesser.<\/li><\/ul><\/li><li>PlaceringPersonoplysninger behandles i den dataansvarliges lokaler og p\u00e5 ethvert andet sted, hvor de parter, der er involveret i behandlingen, befinder sig. For yderligere oplysninger bedes du kontakte den dataansvarlige p\u00e5 f\u00f8lgende e-mailadresse info@wildenherbals.com eller p\u00e5 f\u00f8lgende postadresse via carlo farini 6, Milano 20154 italy . <\/li><li>SikkerhedsforanstaltningerBehandlingen udf\u00f8res p\u00e5 en m\u00e5de og med instrumenter, der garanterer sikkerheden og fortroligheden af personoplysninger, idet den dataansvarlige har vedtaget passende tekniske og organisatoriske foranstaltninger, der garanterer og g\u00f8r det muligt at p\u00e5vise, at behandlingen udf\u00f8res i overensstemmelse med den relevante lovgivning.<\/li><li>Periode for opbevaring af dataPersonoplysninger skal opbevares i den periode, der er n\u00f8dvendig for at opfylde de form\u00e5l, de blev indsamlet til. Navnlig skal personoplysninger opbevares i hele kontraktforholdets varighed, til udf\u00f8relse af den iboende og efterf\u00f8lgende opfyldelse heraf, til overholdelse af g\u00e6ldende juridiske og lovgivningsm\u00e6ssige forpligtelser samt til eget eller tredjeparts forsvarsform\u00e5l.Hvis behandlingen af personoplysninger er baseret p\u00e5 brugerens samtykke, kan den dataansvarlige opbevare personoplysningerne, indtil samtykket tilbagekaldes.personoplysninger kan opbevares i en l\u00e6ngere periode, hvis det er n\u00f8dvendigt for at overholde en juridisk forpligtelse eller efter ordre fra en myndighed.alle personoplysninger vil blive slettet eller opbevaret i en form, der ikke g\u00f8r det muligt at identificere brugeren inden for 30 dage efter udl\u00f8bet af opbevaringsperioden. Ved udgangen af denne periode kan retten til adgang, annullering, berigtigelse og retten til portabilitet af personoplysninger ikke l\u00e6ngere ud\u00f8ves.<\/li><li>Automatiserede beslutningsprocesserAlle indsamlede personoplysninger m\u00e5 ikke g\u00f8res til genstand for en automatiseret beslutningsproces, herunder profilering, som kan have retsvirkninger for den enkelte, eller som kan p\u00e5virke den enkelte v\u00e6sentligt.<\/li><li>BrugerrettighederBrugere kan ud\u00f8ve visse rettigheder med hensyn til de personoplysninger, der behandles af den dataansvarlige. Is\u00e6r har brugeren ret til:For at ud\u00f8ve deres rettigheder kan brugerne sende en anmodning til kontaktoplysningerne for den registeransvarlige, der er angivet i dette dokument. Anmodninger frems\u00e6ttes gratis og behandles af den dataansvarlige s\u00e5 hurtigt som muligt, under alle omst\u00e6ndigheder inden for 30 dage.  <ul><li>tr\u00e6kke sit samtykke tilbage til enhver tid;<\/li><li>g\u00f8re indsigelse mod behandlingen af deres personoplysninger;<\/li><li>f\u00e5 adgang til deres personlige data;<\/li><li>kontrollere og anmode om berigtigelse;<\/li><li>opn\u00e5 begr\u00e6nsning af behandling;<\/li><li>opn\u00e5 sletning af deres personoplysninger;<\/li><li>modtage deres personoplysninger eller f\u00e5 dem overf\u00f8rt til en anden dataansvarlig;<\/li><li>indgive en klage til tilsynsmyndigheden for databeskyttelse og\/eller tage retslige skridt.<\/li><\/ul><\/li><li>DataansvarligDen dataansvarlige er Wilden srl, med registreret kontor p\u00e5 Via Carlo Farini 6, 20154, Milano, skattekode\/momsnummer IT10575530968, e-mailadresse info@wildenherbals.com.<\/li><\/ol>\n\n<p>Sidst opdateret: 13\/07\/2020<\/p>\n","protected":false},"excerpt":{"rendered":"<p>Form\u00e5let med dette dokument (i det f\u00f8lgende ben\u00e6vnt\u00bbprivatlivspolitik\u00ab) er at informere brugerne om personoplysninger, forst\u00e5et som alle oplysninger, der g\u00f8r det muligt at identificere en fysisk person (i det f\u00f8lgende ben\u00e6vnt \u00bbpersonoplysninger\u00ab), indsamlet af webstedet www.wildenherbals.com (i det f\u00f8lgende ben\u00e6vnt \u00bbapplikationen\u00ab). Den dataansvarlige, som identificeret nedenfor, kan \u00e6ndre eller blot opdatere hele eller dele af [&hellip;]<\/p>\n","protected":false},"author":2,"featured_media":0,"parent":0,"menu_order":0,"comment_status":"closed","ping_status":"open","template":"","meta":{"_acf_changed":false,"inline_featured_image":false,"_mbp_gutenberg_autopost":false,"footnotes":""},"class_list":["post-40387","page","type-page","status-publish","hentry"],"acf":[],"_links":{"self":[{"href":"https:\/\/wildenherbals.com\/da\/wp-json\/wp\/v2\/pages\/40387","targetHints":{"allow":["GET"]}}],"collection":[{"href":"https:\/\/wildenherbals.com\/da\/wp-json\/wp\/v2\/pages"}],"about":[{"href":"https:\/\/wildenherbals.com\/da\/wp-json\/wp\/v2\/types\/page"}],"author":[{"embeddable":true,"href":"https:\/\/wildenherbals.com\/da\/wp-json\/wp\/v2\/users\/2"}],"replies":[{"embeddable":true,"href":"https:\/\/wildenherbals.com\/da\/wp-json\/wp\/v2\/comments?post=40387"}],"version-history":[{"count":1,"href":"https:\/\/wildenherbals.com\/da\/wp-json\/wp\/v2\/pages\/40387\/revisions"}],"predecessor-version":[{"id":40388,"href":"https:\/\/wildenherbals.com\/da\/wp-json\/wp\/v2\/pages\/40387\/revisions\/40388"}],"wp:attachment":[{"href":"https:\/\/wildenherbals.com\/da\/wp-json\/wp\/v2\/media?parent=40387"}],"curies":[{"name":"wp","href":"https:\/\/api.w.org\/{rel}","templated":true}]}}