{"id":40373,"date":"2025-05-30T15:49:03","date_gmt":"2025-05-30T13:49:03","guid":{"rendered":"https:\/\/wildenherbals.com\/certificeringer\/"},"modified":"2025-05-30T15:49:03","modified_gmt":"2025-05-30T13:49:03","slug":"certificeringer","status":"publish","type":"page","link":"https:\/\/wildenherbals.com\/da\/certificeringer\/","title":{"rendered":"Certificeringer"},"content":{"rendered":"<p>For Wilden.herbals er \u00f8kologi og bionedbrydelighed ikke bare etiketter.<\/p>\n<p>Alle Wilden.herbals-produkter kommer fra kontrolleret \u00f8kologisk landbrug og er \u00bbICEA\u00ab-certificerede. Wilden.herbals-infusioner er kulminationen p\u00e5 en rejse foretaget af producenter og leverand\u00f8rer, der garanterer de h\u00f8jest mulige standarder gennem landbrug, der sigter mod at minimere eksterne input, bevare jordens naturlige frugtbarhed og st\u00f8tte dens naturlige balance. <\/p>\n<p>I Wilden.herbals er alle planter, der stammer fra monokulturer, hydroponik og jordl\u00f8s dyrkning, derfor frav\u00e6rende.<\/p>\n<p>Ligesom indholdet i hver pose, som er certificeret \u00f8kologisk med hensyn til jordens frugtbarhed, er Wilden.herbals&#8217; &#8220;kjole&#8221; ogs\u00e5 i overensstemmelse med den naturlige filosofi, som virksomheden har til hensigt at udbrede. Wilden.herbals sigter mod at begr\u00e6nse sin milj\u00f8p\u00e5virkning s\u00e5 meget som muligt og fors\u00f8ger at efterlade s\u00e5 f\u00e5 spor i milj\u00f8et som muligt, n\u00e5r de er blevet bortskaffet. For at g\u00f8re dette har Wilden.herbals fra dag nul unders\u00f8gt og udviklet emballage med nul p\u00e5virkning.  <\/p>\n<p>Indpakningen, posen, tr\u00e5den og perlen er faktisk fuldt komposterbare. Ud over at blive sorteret sammen med v\u00e5dt affald er de certificeret som \u00bbOk kompost &#8211; TUV\u00ab. Kartonerne er ogs\u00e5 fuldt genanvendelige, hvilket bekr\u00e6ftes af \u00bbFSC\u00ab-certificeringen, et m\u00e6rke, der garanterer, at hele tr\u00e6-papirk\u00e6den stammer fra milj\u00f8venlig, socialt nyttig og \u00f8konomisk b\u00e6redygtig skovforvaltning.  <\/p>\n<p>P\u00e5 hver kasse finder du ogs\u00e5 UNI EN 13432-m\u00e6rket, den europ\u00e6iske tekniske referencestandard par excellence for materialeproducenter, komposteringsvirksomheder og certificeringsvirksomheder. I hvert Wilden.herbals-produkt finder du derfor UNI EN 13432-m\u00e6rket, en indikation af opm\u00e6rksomhed p\u00e5 europ\u00e6iske og internationale standarder for biologisk nedbrydning af produkter, som ikke bare er et symbol, men en konkret handling fra dem, der har besluttet at investere i genopdagelse og beskyttelse af naturarven. Vi starter med en infusion.  <\/p>\n<p>Endelig<span style=\"font-size: revert; color: initial;\">er CO2-udledningen fra urteteerne i Health-linjen blevet beregnet, reduceret og kompenseret gennem klimaindsatsstrategier og certificerede klimabeskyttelsesprojekter <\/span> ved at tilslutte<span style=\"font-size: revert; color: initial;\">sig Climate Partner-programmet <\/span>. <span style=\"font-size: revert; color: initial;\">Ved at k\u00f8be et CO2-neutralt produkt yder forbrugeren et konkret bidrag til klimabeskyttelsen.<\/span><\/p>\n","protected":false},"excerpt":{"rendered":"<p>For Wilden.herbals er \u00f8kologi og bionedbrydelighed ikke bare etiketter. Alle Wilden.herbals-produkter kommer fra kontrolleret \u00f8kologisk landbrug og er \u00bbICEA\u00ab-certificerede. Wilden.herbals-infusioner er kulminationen p\u00e5 en rejse foretaget af producenter og leverand\u00f8rer, der garanterer de h\u00f8jest mulige standarder gennem landbrug, der sigter mod at minimere eksterne input, bevare jordens naturlige frugtbarhed og st\u00f8tte dens naturlige balance. I [&hellip;]<\/p>\n","protected":false},"author":2,"featured_media":0,"parent":0,"menu_order":0,"comment_status":"closed","ping_status":"closed","template":"","meta":{"_acf_changed":false,"inline_featured_image":false,"_mbp_gutenberg_autopost":false,"footnotes":""},"class_list":["post-40373","page","type-page","status-publish","hentry"],"acf":[],"_links":{"self":[{"href":"https:\/\/wildenherbals.com\/da\/wp-json\/wp\/v2\/pages\/40373","targetHints":{"allow":["GET"]}}],"collection":[{"href":"https:\/\/wildenherbals.com\/da\/wp-json\/wp\/v2\/pages"}],"about":[{"href":"https:\/\/wildenherbals.com\/da\/wp-json\/wp\/v2\/types\/page"}],"author":[{"embeddable":true,"href":"https:\/\/wildenherbals.com\/da\/wp-json\/wp\/v2\/users\/2"}],"replies":[{"embeddable":true,"href":"https:\/\/wildenherbals.com\/da\/wp-json\/wp\/v2\/comments?post=40373"}],"version-history":[{"count":0,"href":"https:\/\/wildenherbals.com\/da\/wp-json\/wp\/v2\/pages\/40373\/revisions"}],"wp:attachment":[{"href":"https:\/\/wildenherbals.com\/da\/wp-json\/wp\/v2\/media?parent=40373"}],"curies":[{"name":"wp","href":"https:\/\/api.w.org\/{rel}","templated":true}]}}