{"id":40346,"date":"2025-05-30T15:48:43","date_gmt":"2025-05-30T13:48:43","guid":{"rendered":"https:\/\/wildenherbals.com\/hvordan-fungerer-et-abonnement\/"},"modified":"2025-05-31T11:45:54","modified_gmt":"2025-05-31T09:45:54","slug":"hvordan-fungerer-et-abonnement","status":"publish","type":"page","link":"https:\/\/wildenherbals.com\/da\/hvordan-fungerer-et-abonnement\/","title":{"rendered":"Hvordan fungerer et abonnement?"},"content":{"rendered":"&#13;\n<p>Hvis du abonnerer p\u00e5 <em>Wilden.herbals<\/em>, kan du modtage en <strong>blanding af urteteer<\/strong> efter eget valg fra <em>Remedia-serien<\/em> bekvemt derhjemme hvert kvartal.<\/p>&#13;\n&#13;\n<p><strong>Hvor mange urteteer?  <\/strong><\/p>&#13;\n&#13;\n<p>P\u00e5 k\u00f8bstidspunktet kan du v\u00e6lge den urtete, du foretr\u00e6kker, og den m\u00e6ngde, der passer bedst til dine behov: <strong>60, 90, 150 eller 300 poser.<\/strong><\/p>&#13;\n&#13;\n<p><strong>Hvorfor abonnere?<\/strong><\/p>&#13;\n&#13;\n<p>Den faste kadence &#8211; hver tredje m\u00e5ned &#8211; giver os mulighed for at reducere antallet af forsendelser for at mindske den \u00f8kologiske p\u00e5virkning og hj\u00e6lper dig med at v\u00e6lge det antal urteteer, der passer dig bedst: Hvor mange vil du drikke i l\u00f8bet af de n\u00e6ste tre m\u00e5neder? 60, 90 o 150? <\/p>&#13;\n&#13;\n<p><strong>Hvilke fordele har jeg med abonnementet?<\/strong><\/p>&#13;\n&#13;\n<p>Derudover vil du med hver levering modtage en <strong>gave <\/strong>fra os, der afspejler den aktuelle s\u00e6son &#8211; t\u00e6nkte du p\u00e5, at hver gang du modtager urtete, vil du v\u00e6re i en ny s\u00e6son? &#8211; og en PDF-kopi af vores <strong>magasin<\/strong>. <\/p>&#13;\n&#13;\n<p>N\u00e5r du har lagt abonnementet i din indk\u00f8bskurv, kan du forts\u00e6tte med andre k\u00f8b eller g\u00e5 videre til betaling. Du vil blive bedt om at betale det f\u00f8rste kvartalsgebyr (47,50 euro for 60 poser, 71,50 euro for 90 poser og 118,00 euro for 150 poser). <\/p>&#13;\n&#13;\n<p><strong>Hvor l\u00e6nge varer et abonnement?  <\/strong><\/p>&#13;\n&#13;\n<p>N\u00e5r abonnementet er aktiveret, forbliver det aktivt, indtil du v\u00e6lger at suspendere det. Hver 3. m\u00e5ned vil systemet foretage betaling med det kreditkort, du har indtastet. <strong>Du kan ikke bruge PayPal eller SatiSpay som betalingsmetode for dit abonnement.<\/strong> <\/p>&#13;\n&#13;\n<p>Hvis du vil suspendere dit abonnement, kan du klikke p\u00e5 knappen \u00bbAnnuller\u00ab i abonnementsfanen p\u00e5 din konto under \u00bbAbonnementer\u00ab.<\/p>&#13;\n&#13;\n<p><strong>Hvor mange personer kan bruge abonnementet?<\/strong><\/p>&#13;\n&#13;\n<p>Op til 3 personer! Du kan dele dit Wilden.herbals-abonnement med kolleger og venner.   <br\/>Det eneste, du skal g\u00f8re, er at angive navn, efternavn og e-mail p\u00e5 de personer, der vil dele urteteer og fordele med dig.  <\/p>&#13;\n&#13;\n<p><strong>Er det muligt at \u00e6ndre m\u00e6ngden\/typen af urtete i mit abonnement?<\/strong><\/p>&#13;\n&#13;\n<p>Hvis du vil <strong>\u00e6ndre sammens\u00e6tningen af dit abonnement<\/strong> eller <strong>antallet af<\/strong> poser, du gerne vil modtage, skal du skrive en e-mail til <a href=\"mailto:info@wildenherbals.com\">info@wildenherbals.com med<\/a> angivelse af dit abonnementsnummer og de \u00e6ndringer, du gerne vil foretage. Vi opfordrer dig til at anmode om \u00e6ndringer op til 7 dage f\u00f8r n\u00e6ste udsendelse, s\u00e5 vi kan n\u00e5 at tage os af din anmodning. <\/p>&#13;\n&#13;\n<p>Hvis du har brug for oplysninger, er du velkommen til at skrive til vores <em>kundeservice<\/em> ved at klikke p\u00e5 ikonet nederst til h\u00f8jre eller ved at sende en e-mail til <a href=\"mailto:info@wildenherbals.com\">info@wildenherbals.com.<\/a><\/p>&#13;\n&#13;\n<p>God forn\u00f8jelse med dit abonnement!<\/p>&#13;\n&#13;\n<p>#ShareYourNature<\/p>&#13;\n","protected":false},"excerpt":{"rendered":"<p>&#13; Hvis du abonnerer p\u00e5 Wilden.herbals, kan du modtage en blanding af urteteer efter eget valg fra Remedia-serien bekvemt derhjemme hvert kvartal. &#13; &#13; Hvor mange urteteer? &#13; &#13; P\u00e5 k\u00f8bstidspunktet kan du v\u00e6lge den urtete, du foretr\u00e6kker, og den m\u00e6ngde, der passer bedst til dine behov: 60, 90, 150 eller 300 poser. &#13; &#13; [&hellip;]<\/p>\n","protected":false},"author":2,"featured_media":0,"parent":0,"menu_order":0,"comment_status":"closed","ping_status":"closed","template":"","meta":{"_acf_changed":false,"inline_featured_image":false,"_mbp_gutenberg_autopost":false,"footnotes":""},"class_list":["post-40346","page","type-page","status-publish","hentry"],"acf":[],"_links":{"self":[{"href":"https:\/\/wildenherbals.com\/da\/wp-json\/wp\/v2\/pages\/40346","targetHints":{"allow":["GET"]}}],"collection":[{"href":"https:\/\/wildenherbals.com\/da\/wp-json\/wp\/v2\/pages"}],"about":[{"href":"https:\/\/wildenherbals.com\/da\/wp-json\/wp\/v2\/types\/page"}],"author":[{"embeddable":true,"href":"https:\/\/wildenherbals.com\/da\/wp-json\/wp\/v2\/users\/2"}],"replies":[{"embeddable":true,"href":"https:\/\/wildenherbals.com\/da\/wp-json\/wp\/v2\/comments?post=40346"}],"version-history":[{"count":1,"href":"https:\/\/wildenherbals.com\/da\/wp-json\/wp\/v2\/pages\/40346\/revisions"}],"predecessor-version":[{"id":40348,"href":"https:\/\/wildenherbals.com\/da\/wp-json\/wp\/v2\/pages\/40346\/revisions\/40348"}],"wp:attachment":[{"href":"https:\/\/wildenherbals.com\/da\/wp-json\/wp\/v2\/media?parent=40346"}],"curies":[{"name":"wp","href":"https:\/\/api.w.org\/{rel}","templated":true}]}}